{"id":1828,"date":"2023-09-26T13:33:02","date_gmt":"2023-09-26T11:33:02","guid":{"rendered":"https:\/\/www.epass.cz\/?page_id=1828"},"modified":"2023-09-26T13:33:16","modified_gmt":"2023-09-26T11:33:16","slug":"dokladove-parovani","status":"publish","type":"page","link":"https:\/\/www.epass.cz\/index.php\/dokladove-parovani\/","title":{"rendered":"Dokladov\u00e9 p\u00e1rov\u00e1n\u00ed"},"content":{"rendered":"","protected":false},"excerpt":{"rendered":"","protected":false},"author":1,"featured_media":0,"parent":0,"menu_order":0,"comment_status":"closed","ping_status":"closed","template":"wp-custom-template-dokl-parovani","meta":{"footnotes":""},"_links":{"self":[{"href":"https:\/\/www.epass.cz\/index.php\/wp-json\/wp\/v2\/pages\/1828"}],"collection":[{"href":"https:\/\/www.epass.cz\/index.php\/wp-json\/wp\/v2\/pages"}],"about":[{"href":"https:\/\/www.epass.cz\/index.php\/wp-json\/wp\/v2\/types\/page"}],"author":[{"embeddable":true,"href":"https:\/\/www.epass.cz\/index.php\/wp-json\/wp\/v2\/users\/1"}],"replies":[{"embeddable":true,"href":"https:\/\/www.epass.cz\/index.php\/wp-json\/wp\/v2\/comments?post=1828"}],"version-history":[{"count":1,"href":"https:\/\/www.epass.cz\/index.php\/wp-json\/wp\/v2\/pages\/1828\/revisions"}],"predecessor-version":[{"id":1829,"href":"https:\/\/www.epass.cz\/index.php\/wp-json\/wp\/v2\/pages\/1828\/revisions\/1829"}],"wp:attachment":[{"href":"https:\/\/www.epass.cz\/index.php\/wp-json\/wp\/v2\/media?parent=1828"}],"curies":[{"name":"wp","href":"https:\/\/api.w.org\/{rel}","templated":true}]}}