{"id":2217,"date":"2023-10-11T14:43:56","date_gmt":"2023-10-11T12:43:56","guid":{"rendered":"https:\/\/www.epass.cz\/?page_id=2217"},"modified":"2023-10-11T14:44:24","modified_gmt":"2023-10-11T12:44:24","slug":"rizeni-projektu","status":"publish","type":"page","link":"https:\/\/www.epass.cz\/index.php\/rizeni-projektu\/","title":{"rendered":"\u0158\u00edzen\u00ed projekt\u016f"},"content":{"rendered":"","protected":false},"excerpt":{"rendered":"","protected":false},"author":1,"featured_media":0,"parent":0,"menu_order":0,"comment_status":"closed","ping_status":"closed","template":"wp-custom-template-rizeni-projektu","meta":{"footnotes":""},"_links":{"self":[{"href":"https:\/\/www.epass.cz\/index.php\/wp-json\/wp\/v2\/pages\/2217"}],"collection":[{"href":"https:\/\/www.epass.cz\/index.php\/wp-json\/wp\/v2\/pages"}],"about":[{"href":"https:\/\/www.epass.cz\/index.php\/wp-json\/wp\/v2\/types\/page"}],"author":[{"embeddable":true,"href":"https:\/\/www.epass.cz\/index.php\/wp-json\/wp\/v2\/users\/1"}],"replies":[{"embeddable":true,"href":"https:\/\/www.epass.cz\/index.php\/wp-json\/wp\/v2\/comments?post=2217"}],"version-history":[{"count":1,"href":"https:\/\/www.epass.cz\/index.php\/wp-json\/wp\/v2\/pages\/2217\/revisions"}],"predecessor-version":[{"id":2218,"href":"https:\/\/www.epass.cz\/index.php\/wp-json\/wp\/v2\/pages\/2217\/revisions\/2218"}],"wp:attachment":[{"href":"https:\/\/www.epass.cz\/index.php\/wp-json\/wp\/v2\/media?parent=2217"}],"curies":[{"name":"wp","href":"https:\/\/api.w.org\/{rel}","templated":true}]}}