{"id":2351,"date":"2023-11-02T10:18:33","date_gmt":"2023-11-02T09:18:33","guid":{"rendered":"https:\/\/www.epass.cz\/?page_id=2351"},"modified":"2023-11-02T10:18:53","modified_gmt":"2023-11-02T09:18:53","slug":"elektronicka-evidence-vybusnin","status":"publish","type":"page","link":"https:\/\/www.epass.cz\/index.php\/elektronicka-evidence-vybusnin\/","title":{"rendered":"Elektronick\u00e1 evidence v\u00fdbu\u0161nin"},"content":{"rendered":"","protected":false},"excerpt":{"rendered":"","protected":false},"author":1,"featured_media":0,"parent":0,"menu_order":0,"comment_status":"closed","ping_status":"closed","template":"wp-custom-template-vybusniny","meta":{"footnotes":""},"_links":{"self":[{"href":"https:\/\/www.epass.cz\/index.php\/wp-json\/wp\/v2\/pages\/2351"}],"collection":[{"href":"https:\/\/www.epass.cz\/index.php\/wp-json\/wp\/v2\/pages"}],"about":[{"href":"https:\/\/www.epass.cz\/index.php\/wp-json\/wp\/v2\/types\/page"}],"author":[{"embeddable":true,"href":"https:\/\/www.epass.cz\/index.php\/wp-json\/wp\/v2\/users\/1"}],"replies":[{"embeddable":true,"href":"https:\/\/www.epass.cz\/index.php\/wp-json\/wp\/v2\/comments?post=2351"}],"version-history":[{"count":1,"href":"https:\/\/www.epass.cz\/index.php\/wp-json\/wp\/v2\/pages\/2351\/revisions"}],"predecessor-version":[{"id":2352,"href":"https:\/\/www.epass.cz\/index.php\/wp-json\/wp\/v2\/pages\/2351\/revisions\/2352"}],"wp:attachment":[{"href":"https:\/\/www.epass.cz\/index.php\/wp-json\/wp\/v2\/media?parent=2351"}],"curies":[{"name":"wp","href":"https:\/\/api.w.org\/{rel}","templated":true}]}}