{"id":2376,"date":"2023-11-03T15:27:12","date_gmt":"2023-11-03T14:27:12","guid":{"rendered":"https:\/\/www.epass.cz\/?page_id=2376"},"modified":"2023-11-03T15:27:27","modified_gmt":"2023-11-03T14:27:27","slug":"dispecerske-planovani-2","status":"publish","type":"page","link":"https:\/\/www.epass.cz\/index.php\/dispecerske-planovani-2\/","title":{"rendered":"Dispe\u010dersk\u00e9 pl\u00e1nov\u00e1n\u00ed"},"content":{"rendered":"","protected":false},"excerpt":{"rendered":"","protected":false},"author":1,"featured_media":0,"parent":0,"menu_order":0,"comment_status":"closed","ping_status":"closed","template":"wp-custom-template-dispecink","meta":{"footnotes":""},"_links":{"self":[{"href":"https:\/\/www.epass.cz\/index.php\/wp-json\/wp\/v2\/pages\/2376"}],"collection":[{"href":"https:\/\/www.epass.cz\/index.php\/wp-json\/wp\/v2\/pages"}],"about":[{"href":"https:\/\/www.epass.cz\/index.php\/wp-json\/wp\/v2\/types\/page"}],"author":[{"embeddable":true,"href":"https:\/\/www.epass.cz\/index.php\/wp-json\/wp\/v2\/users\/1"}],"replies":[{"embeddable":true,"href":"https:\/\/www.epass.cz\/index.php\/wp-json\/wp\/v2\/comments?post=2376"}],"version-history":[{"count":1,"href":"https:\/\/www.epass.cz\/index.php\/wp-json\/wp\/v2\/pages\/2376\/revisions"}],"predecessor-version":[{"id":2377,"href":"https:\/\/www.epass.cz\/index.php\/wp-json\/wp\/v2\/pages\/2376\/revisions\/2377"}],"wp:attachment":[{"href":"https:\/\/www.epass.cz\/index.php\/wp-json\/wp\/v2\/media?parent=2376"}],"curies":[{"name":"wp","href":"https:\/\/api.w.org\/{rel}","templated":true}]}}