{"id":2422,"date":"2023-11-09T10:52:57","date_gmt":"2023-11-09T09:52:57","guid":{"rendered":"https:\/\/www.epass.cz\/?page_id=2422"},"modified":"2023-11-09T10:53:24","modified_gmt":"2023-11-09T09:53:24","slug":"integracni-rozhrani","status":"publish","type":"page","link":"https:\/\/www.epass.cz\/index.php\/integracni-rozhrani\/","title":{"rendered":"Integra\u010dn\u00ed rozhran\u00ed"},"content":{"rendered":"","protected":false},"excerpt":{"rendered":"","protected":false},"author":1,"featured_media":0,"parent":0,"menu_order":0,"comment_status":"closed","ping_status":"closed","template":"wp-custom-template-integracni-rozhrani","meta":{"footnotes":""},"_links":{"self":[{"href":"https:\/\/www.epass.cz\/index.php\/wp-json\/wp\/v2\/pages\/2422"}],"collection":[{"href":"https:\/\/www.epass.cz\/index.php\/wp-json\/wp\/v2\/pages"}],"about":[{"href":"https:\/\/www.epass.cz\/index.php\/wp-json\/wp\/v2\/types\/page"}],"author":[{"embeddable":true,"href":"https:\/\/www.epass.cz\/index.php\/wp-json\/wp\/v2\/users\/1"}],"replies":[{"embeddable":true,"href":"https:\/\/www.epass.cz\/index.php\/wp-json\/wp\/v2\/comments?post=2422"}],"version-history":[{"count":1,"href":"https:\/\/www.epass.cz\/index.php\/wp-json\/wp\/v2\/pages\/2422\/revisions"}],"predecessor-version":[{"id":2423,"href":"https:\/\/www.epass.cz\/index.php\/wp-json\/wp\/v2\/pages\/2422\/revisions\/2423"}],"wp:attachment":[{"href":"https:\/\/www.epass.cz\/index.php\/wp-json\/wp\/v2\/media?parent=2422"}],"curies":[{"name":"wp","href":"https:\/\/api.w.org\/{rel}","templated":true}]}}