{"id":2516,"date":"2023-11-15T15:21:50","date_gmt":"2023-11-15T14:21:50","guid":{"rendered":"https:\/\/www.epass.cz\/?page_id=2516"},"modified":"2023-11-15T15:22:18","modified_gmt":"2023-11-15T14:22:18","slug":"komunikacni-kanaly","status":"publish","type":"page","link":"https:\/\/www.epass.cz\/index.php\/komunikacni-kanaly\/","title":{"rendered":"Komunika\u010dn\u00ed kan\u00e1ly"},"content":{"rendered":"","protected":false},"excerpt":{"rendered":"","protected":false},"author":1,"featured_media":0,"parent":0,"menu_order":0,"comment_status":"closed","ping_status":"closed","template":"wp-custom-template-komunikacni-kanaly","meta":{"footnotes":""},"_links":{"self":[{"href":"https:\/\/www.epass.cz\/index.php\/wp-json\/wp\/v2\/pages\/2516"}],"collection":[{"href":"https:\/\/www.epass.cz\/index.php\/wp-json\/wp\/v2\/pages"}],"about":[{"href":"https:\/\/www.epass.cz\/index.php\/wp-json\/wp\/v2\/types\/page"}],"author":[{"embeddable":true,"href":"https:\/\/www.epass.cz\/index.php\/wp-json\/wp\/v2\/users\/1"}],"replies":[{"embeddable":true,"href":"https:\/\/www.epass.cz\/index.php\/wp-json\/wp\/v2\/comments?post=2516"}],"version-history":[{"count":1,"href":"https:\/\/www.epass.cz\/index.php\/wp-json\/wp\/v2\/pages\/2516\/revisions"}],"predecessor-version":[{"id":2517,"href":"https:\/\/www.epass.cz\/index.php\/wp-json\/wp\/v2\/pages\/2516\/revisions\/2517"}],"wp:attachment":[{"href":"https:\/\/www.epass.cz\/index.php\/wp-json\/wp\/v2\/media?parent=2516"}],"curies":[{"name":"wp","href":"https:\/\/api.w.org\/{rel}","templated":true}]}}