{"id":2720,"date":"2024-01-31T09:45:49","date_gmt":"2024-01-31T08:45:49","guid":{"rendered":"https:\/\/www.epass.cz\/?page_id=2720"},"modified":"2024-01-31T09:46:12","modified_gmt":"2024-01-31T08:46:12","slug":"insolvencni-rejstrik","status":"publish","type":"page","link":"https:\/\/www.epass.cz\/index.php\/insolvencni-rejstrik\/","title":{"rendered":"Insolven\u010dn\u00ed rejst\u0159\u00edk"},"content":{"rendered":"","protected":false},"excerpt":{"rendered":"","protected":false},"author":1,"featured_media":0,"parent":0,"menu_order":0,"comment_status":"closed","ping_status":"closed","template":"wp-custom-template-insolvencni-rejstrik","meta":{"footnotes":""},"_links":{"self":[{"href":"https:\/\/www.epass.cz\/index.php\/wp-json\/wp\/v2\/pages\/2720"}],"collection":[{"href":"https:\/\/www.epass.cz\/index.php\/wp-json\/wp\/v2\/pages"}],"about":[{"href":"https:\/\/www.epass.cz\/index.php\/wp-json\/wp\/v2\/types\/page"}],"author":[{"embeddable":true,"href":"https:\/\/www.epass.cz\/index.php\/wp-json\/wp\/v2\/users\/1"}],"replies":[{"embeddable":true,"href":"https:\/\/www.epass.cz\/index.php\/wp-json\/wp\/v2\/comments?post=2720"}],"version-history":[{"count":1,"href":"https:\/\/www.epass.cz\/index.php\/wp-json\/wp\/v2\/pages\/2720\/revisions"}],"predecessor-version":[{"id":2721,"href":"https:\/\/www.epass.cz\/index.php\/wp-json\/wp\/v2\/pages\/2720\/revisions\/2721"}],"wp:attachment":[{"href":"https:\/\/www.epass.cz\/index.php\/wp-json\/wp\/v2\/media?parent=2720"}],"curies":[{"name":"wp","href":"https:\/\/api.w.org\/{rel}","templated":true}]}}