{"id":700,"date":"2023-07-09T16:16:09","date_gmt":"2023-07-09T14:16:09","guid":{"rendered":"https:\/\/www.epass.cz\/?page_id=700"},"modified":"2023-07-09T16:16:29","modified_gmt":"2023-07-09T14:16:29","slug":"povrchova-tezba","status":"publish","type":"page","link":"https:\/\/www.epass.cz\/index.php\/povrchova-tezba\/","title":{"rendered":"Povrchov\u00e1 t\u011b\u017eba"},"content":{"rendered":"","protected":false},"excerpt":{"rendered":"","protected":false},"author":1,"featured_media":0,"parent":0,"menu_order":0,"comment_status":"closed","ping_status":"closed","template":"wp-custom-template-povrchova-tezba","meta":{"footnotes":""},"_links":{"self":[{"href":"https:\/\/www.epass.cz\/index.php\/wp-json\/wp\/v2\/pages\/700"}],"collection":[{"href":"https:\/\/www.epass.cz\/index.php\/wp-json\/wp\/v2\/pages"}],"about":[{"href":"https:\/\/www.epass.cz\/index.php\/wp-json\/wp\/v2\/types\/page"}],"author":[{"embeddable":true,"href":"https:\/\/www.epass.cz\/index.php\/wp-json\/wp\/v2\/users\/1"}],"replies":[{"embeddable":true,"href":"https:\/\/www.epass.cz\/index.php\/wp-json\/wp\/v2\/comments?post=700"}],"version-history":[{"count":1,"href":"https:\/\/www.epass.cz\/index.php\/wp-json\/wp\/v2\/pages\/700\/revisions"}],"predecessor-version":[{"id":701,"href":"https:\/\/www.epass.cz\/index.php\/wp-json\/wp\/v2\/pages\/700\/revisions\/701"}],"wp:attachment":[{"href":"https:\/\/www.epass.cz\/index.php\/wp-json\/wp\/v2\/media?parent=700"}],"curies":[{"name":"wp","href":"https:\/\/api.w.org\/{rel}","templated":true}]}}